{"id":280,"date":"2017-04-04T17:24:41","date_gmt":"2017-04-04T15:24:41","guid":{"rendered":"http:\/\/www.albergodellapace.it\/?page_id=280"},"modified":"2018-04-28T17:23:20","modified_gmt":"2018-04-28T15:23:20","slug":"cultura","status":"publish","type":"page","link":"https:\/\/www.albergodellapace.it\/fr\/cultura\/","title":{"rendered":"Culture"},"content":{"rendered":"<p><span style=\"font-size: 14pt; font-family: georgia, palatino, serif;\"><strong><span style=\"color: #745e41;\">VIVRE LA CULTURE<\/span><\/strong><\/span><\/p>\n<p><span style=\"font-family: georgia, palatino, serif;\"> Sur demande, nous pouvons organiser des nombreuses visites aux PLUS IMPORTANTS sites culturels de notre territoire.<\/span><\/p>\n<p><span style=\"font-family: georgia, palatino, serif;\"><span style=\"color: #000000;\">&#8211;<\/span> <strong><span style=\"color: #745e41;\"><span style=\"color: #0000ff;\"><a style=\"color: #0000ff;\" href=\"https:\/\/www.sanmagno.net\/wp\/\">Il Santuario di San Magno<\/a><\/span>,<\/span><\/strong>avec la chapelle Allemandi et les magnifiques peintures de Pietro da Saluzzo<\/span><\/p>\n<p><span style=\"font-family: georgia, palatino, serif;\"><span style=\"color: #000000;\">&#8211;<\/span> <span style=\"color: #0000ff;\"><a style=\"color: #0000ff;\" href=\"https:\/\/www.comune.castelmagno.cn.it\/Home\/ServiziDettagli\/Serviziestrutture\/tabid\/27892\/Default.aspx?IDDettaglio=3983\"><strong>\u201cLou Museou dal travai d\u2019isi\u201d<\/strong><\/a><\/span>, mus\u00e9e ethnographique du petit village de Chiappi<\/span><\/p>\n<p><span style=\"font-family: georgia, palatino, serif;\"><span style=\"color: #000000;\">&#8211;<\/span> <span style=\"color: #0000ff;\"><a style=\"color: #0000ff;\" href=\"https:\/\/www.comune.castelmagno.cn.it\/Home\/ServiziDettagli\/Serviziestrutture\/tabid\/27892\/Default.aspx?IDDettaglio=3983\"><strong>\u201cLou Pichot Museou d\u2019la vita d\u2019isi\u201d<\/strong><\/a><\/span>,mus\u00e9e ethnographique du quartier de Colletto<\/span><\/p>\n<p><span style=\"font-family: georgia, palatino, serif;\"><span style=\"color: #000000;\">&#8211;<\/span> <span style=\"color: #0000ff;\"><a style=\"color: #0000ff;\" href=\"https:\/\/www.visitmove.it\/pradleves-la-centrale-gallina\/\"><span style=\"text-decoration: underline;\"><strong>L&rsquo;ancienne centrale hydro\u00e9lectrique<\/strong><\/span><\/a><\/span> a Pradleves<\/span><\/p>\n<p><span style=\"font-family: georgia, palatino, serif;\"><span style=\"color: #000000;\">&#8211;<\/span> <span style=\"color: #0000ff;\"><a style=\"color: #0000ff;\" href=\"https:\/\/www.coumboscuro.org\/centre_prouvencal\/museo_etnografico\/index.php\"><strong>Le mus\u00e9e ethnographique de la civilisation alpine<\/strong><\/a><\/span> a Santo Lucio de Coumboscuro<\/span><\/p>\n<p><span style=\"font-family: georgia, palatino, serif;\"><span style=\"color: #000000;\">&#8211;<\/span> <span style=\"color: #0000ff;\"><a style=\"color: #0000ff;\" href=\"https:\/\/www.terradelcastelmagno.it\/upload\/users\/dossier\/03dossieraccompagnato.pdf\"><strong>Le moulin, la sci\u00e8rie \u00e0 eau et la forge <\/strong><\/a><\/span> a Monterosso grana<\/span><\/p>\n<p><span style=\"font-family: georgia, palatino, serif;\"><span style=\"color: #000000;\">&#8211;<\/span> <span style=\"color: #0000ff;\"><a style=\"color: #0000ff;\" href=\"https:\/\/www.visitmove.it\/valgrana-santa-maria-della-valle\/\"><span style=\"text-decoration: underline;\"><strong>L&rsquo;\u00e9glise de Santa Maria della Valle et le mus\u00e9e du cin\u00e9ma <\/strong><\/span> <\/a><strong>e<\/strong> <\/span> a Valgrana<\/span><\/p>\n<p><span style=\"font-family: georgia, palatino, serif;\"><span style=\"color: #000000;\">&#8211;<\/span> <span style=\"color: #0000ff;\"><strong><a style=\"color: #0000ff;\" href=\"https:\/\/www.piemonteoutdoor.it\/web\/interessi\/cultura-e-dintorni\/architetture-notevoli\/item\/1147-conventodeicappuccinicaraglio\">&#8211; Le couvent des Capucins et il Filatoio Rosso avec la fabrique de soie pi\u00e9montaise <\/a> e <\/strong><\/span> a Caraglio<\/span><\/p>\n<p><span style=\"font-family: georgia, palatino, serif;\"><span style=\"color: #000000;\">&#8211;<\/span> <span style=\"color: #0000ff;\"><a style=\"color: #0000ff;\" href=\"https:\/\/riservaciciuvillar.parcomarguareis.it\"><strong>Le Ciciu del Villar <\/strong><\/a><\/span> a Dronero<\/span><\/p>\n<p><span style=\"font-family: georgia, palatino, serif;\"><strong>Pour plus d&rsquo;informations, visitez:<span style=\"color: #0000ff;\"><a style=\"color: #0000ff;\" href=\"https:\/\/www.terradelcastelmagno.it\">www.terradelcastelmagno.it<\/a><\/span><\/strong><\/span><\/p>\n<p>&nbsp;<\/p>\n<p>&nbsp;<\/p>","protected":false},"excerpt":{"rendered":"<p>VIVRE LA CULTURE Sur demande, nous pouvons organiser des nombreuses visites aux PLUS IMPORTANTS sites culturels de notre territoire. &#8211; Il Santuario di San Magno,avec la chapelle Allemandi et les magnifiques peintures de Pietro da Saluzzo &#8211; \u201cLou Museou dal travai d\u2019isi\u201d, mus\u00e9e ethnographique du petit village de Chiappi &#8211; \u201cLou Pichot Museou d\u2019la vita&#8230;<\/p>\n","protected":false},"author":1,"featured_media":0,"parent":0,"menu_order":0,"comment_status":"closed","ping_status":"closed","template":"","meta":{"footnotes":""},"aioseo_notices":[],"_links":{"self":[{"href":"https:\/\/www.albergodellapace.it\/fr\/wp-json\/wp\/v2\/pages\/280"}],"collection":[{"href":"https:\/\/www.albergodellapace.it\/fr\/wp-json\/wp\/v2\/pages"}],"about":[{"href":"https:\/\/www.albergodellapace.it\/fr\/wp-json\/wp\/v2\/types\/page"}],"author":[{"embeddable":true,"href":"https:\/\/www.albergodellapace.it\/fr\/wp-json\/wp\/v2\/users\/1"}],"replies":[{"embeddable":true,"href":"https:\/\/www.albergodellapace.it\/fr\/wp-json\/wp\/v2\/comments?post=280"}],"version-history":[{"count":26,"href":"https:\/\/www.albergodellapace.it\/fr\/wp-json\/wp\/v2\/pages\/280\/revisions"}],"predecessor-version":[{"id":1334,"href":"https:\/\/www.albergodellapace.it\/fr\/wp-json\/wp\/v2\/pages\/280\/revisions\/1334"}],"wp:attachment":[{"href":"https:\/\/www.albergodellapace.it\/fr\/wp-json\/wp\/v2\/media?parent=280"}],"curies":[{"name":"wp","href":"https:\/\/api.w.org\/{rel}","templated":true}]}}