{"id":276,"date":"2017-04-04T17:24:09","date_gmt":"2017-04-04T15:24:09","guid":{"rendered":"http:\/\/www.albergodellapace.it\/?page_id=276"},"modified":"2018-04-28T16:24:28","modified_gmt":"2018-04-28T14:24:28","slug":"servizi-per-gli-escursionisti","status":"publish","type":"page","link":"https:\/\/www.albergodellapace.it\/fr\/servizi-per-gli-escursionisti\/","title":{"rendered":"Excursions"},"content":{"rendered":"<p><span style=\"font-size: 18pt;\"><strong><span style=\"color: #745e41;\"><br \/>\nServices pour les randonneurs<br \/>\n<\/span><\/strong><\/span><br \/>\nMarcher dans la vall\u00e9e de Grana, c&rsquo;est entrer dans un parcours de d\u00e9couverte pure dans un territoire encore peu connu du grand public, mais qui raconte l&rsquo;histoire des richesses naturelles et historiques \u00e0 chaque coin de rue: vous \u00eates amoureux des bois luxuriants, vous recherchez des fleurs rares et color\u00e9es, vous aimez les grands espaces ouverts des p\u00e2turages notre petite vall\u00e9e vous fera ressentir des \u00e9motions uniques. Et si vous entendez des m\u00e9lodies lointaines entre vall\u00e9es et falaises, ne vous inqui\u00e9tez pas: c&rsquo;est la montagne d&rsquo;Oc qui vous accueille !<br \/>\nPour rendre vos vacances de randonn\u00e9e parfaites, nous avons pens\u00e9 aux services suivants:<\/p>\n<table>\n<tbody>\n<tr style=\"height: 59px;\">\n<td style=\"height: 59px; width: 542px;\">\n<h2>SERVIZI ESCURSIONISMO<\/h2>\n<\/td>\n<td style=\"height: 59px; width: 281px; text-align: center;\">\n<h2>INCLUSO<\/h2>\n<\/td>\n<\/tr>\n<tr style=\"height: 37px;\">\n<td style=\"height: 37px; width: 542px;\">Service de transfert avec v\u00e9hicule d\u00e9di\u00e9 pour les d\u00e9parts non de l&rsquo;h\u00f4tel et retour<\/td>\n<td style=\"text-align: center; height: 37px; width: 281px;\">extra<\/td>\n<\/tr>\n<tr style=\"height: 36px;\">\n<td style=\"height: 36px; width: 542px;\">Location d&rsquo;\u00e9quipement (b\u00e2tons de randonn\u00e9e et sacs \u00e0 dos)<\/td>\n<td style=\"text-align: center; height: 36px; width: 281px;\">extra<\/td>\n<\/tr>\n<tr style=\"height: 38px;\">\n<td style=\"height: 38px; width: 542px;\">Location eBike<\/td>\n<td style=\"text-align: center; height: 38px; width: 281px;\">extra<\/td>\n<\/tr>\n<tr style=\"height: 37px;\">\n<td style=\"height: 37px; width: 542px;\">Maps &amp; Information corner<\/td>\n<td style=\"text-align: center; height: 37px; width: 281px;\"><img decoding=\"async\" src=\"https:\/\/www.albergodellapace.it\/wp-content\/uploads\/incluso.png\" \/><\/td>\n<\/tr>\n<tr style=\"height: 34px;\">\n<td style=\"height: 34px; width: 542px;\">Blanchisserie quotidienne pour v\u00eatement de sport<\/td>\n<td style=\"height: 34px; text-align: center; width: 281px;\"><img decoding=\"async\" src=\"https:\/\/www.albergodellapace.it\/wp-content\/uploads\/incluso.png\" \/><\/td>\n<\/tr>\n<tr style=\"height: 37px;\">\n<td style=\"height: 37px; width: 542px;\">GPS maps<\/td>\n<td style=\"text-align: center; height: 37px; width: 281px;\"><img decoding=\"async\" src=\"https:\/\/www.albergodellapace.it\/wp-content\/uploads\/incluso.png\" \/><\/td>\n<\/tr>\n<tr style=\"height: 36px;\">\n<td style=\"height: 36px; width: 542px;\">Location GPS devices<\/td>\n<td style=\"height: 36px; text-align: center; width: 281px;\">extra<\/td>\n<\/tr>\n<\/tbody>\n<\/table>\n<p>Autres services<br \/>\nPour ceux qui veulent d\u00e9couvrir pleinement l&rsquo;\u00e2me de ce petit coin des Alpes, nous proposons un service d&rsquo;accompagnement effectu\u00e9 par les guides d&rsquo;excursions \u00e9cologiques (Tours Naturalistiques) r\u00e9guli\u00e8rement autoris\u00e9s par la R\u00e9gion du Pi\u00e9mont, conform\u00e9ment \u00e0 la l\u00e9gislation en vigueur. Nous confions les vacances \u00e0 de vrais professionnels, pour vous garantir satisfaction et s\u00e9curit\u00e9! Nos guides sont de v\u00e9ritables \u00abindig\u00e8nes\u00bb, ils sont n\u00e9s et ont grandi dans ce territoire auquel ils ont d\u00e9cid\u00e9 de consacrer leur activit\u00e9; il suffit de les mettre \u00e0 l&rsquo;\u00e9preuve!<\/p>\n<table>\n<tbody>\n<tr style=\"height: 32px;\">\n<td style=\"height: 32px; width: 542px;\">Location eBike<\/td>\n<td style=\"height: 32px; text-align: center; width: 281px;\">extra<\/td>\n<\/tr>\n<tr style=\"height: 32px;\">\n<td style=\"height: 32px; width: 542px;\">Guide Naturalistique<\/td>\n<td style=\"height: 32px; text-align: center; width: 281px;\">extra<\/td>\n<\/tr>\n<\/tbody>\n<\/table>\n<p>Le guide vous montrera l&rsquo;activit\u00e9 de randonn\u00e9e avec une attention particuli\u00e8re \u00e0:<\/p>\n<p>&#8211; itin\u00e9raire<br \/>\n&#8211;\u00a0d\u00e9nivel\u00e9e<br \/>\n&#8211; horaire d\u00e9part<br \/>\n&#8211; horaire retour<br \/>\n&#8211; \u00e9quipement id\u00e9al \u00e0 utiliser<br \/>\n&#8211; pique-nique o\u00f9 repas en refuge<\/p>\n<p>Excursions \u00e0 pied, via ferrata, exp\u00e9riences en haute altitude, &#8230;le frisson de l&rsquo;aventure commence en Valle Grana!<\/p>","protected":false},"excerpt":{"rendered":"<p>Services pour les randonneurs Marcher dans la vall\u00e9e de Grana, c&rsquo;est entrer dans un parcours de d\u00e9couverte pure dans un territoire encore peu connu du grand public, mais qui raconte l&rsquo;histoire des richesses naturelles et historiques \u00e0 chaque coin de rue: vous \u00eates amoureux des bois luxuriants, vous recherchez des fleurs rares et color\u00e9es, vous&#8230;<\/p>\n","protected":false},"author":1,"featured_media":0,"parent":0,"menu_order":0,"comment_status":"closed","ping_status":"closed","template":"","meta":{"footnotes":""},"aioseo_notices":[],"_links":{"self":[{"href":"https:\/\/www.albergodellapace.it\/fr\/wp-json\/wp\/v2\/pages\/276"}],"collection":[{"href":"https:\/\/www.albergodellapace.it\/fr\/wp-json\/wp\/v2\/pages"}],"about":[{"href":"https:\/\/www.albergodellapace.it\/fr\/wp-json\/wp\/v2\/types\/page"}],"author":[{"embeddable":true,"href":"https:\/\/www.albergodellapace.it\/fr\/wp-json\/wp\/v2\/users\/1"}],"replies":[{"embeddable":true,"href":"https:\/\/www.albergodellapace.it\/fr\/wp-json\/wp\/v2\/comments?post=276"}],"version-history":[{"count":20,"href":"https:\/\/www.albergodellapace.it\/fr\/wp-json\/wp\/v2\/pages\/276\/revisions"}],"predecessor-version":[{"id":1331,"href":"https:\/\/www.albergodellapace.it\/fr\/wp-json\/wp\/v2\/pages\/276\/revisions\/1331"}],"wp:attachment":[{"href":"https:\/\/www.albergodellapace.it\/fr\/wp-json\/wp\/v2\/media?parent=276"}],"curies":[{"name":"wp","href":"https:\/\/api.w.org\/{rel}","templated":true}]}}