{"id":20,"date":"2017-03-28T14:32:15","date_gmt":"2017-03-28T12:32:15","guid":{"rendered":"http:\/\/www.albergodellapace.it\/?page_id=20"},"modified":"2018-04-16T11:33:53","modified_gmt":"2018-04-16T09:33:53","slug":"storia","status":"publish","type":"page","link":"https:\/\/www.albergodellapace.it\/fr\/storia\/","title":{"rendered":"Qui sommes-nous"},"content":{"rendered":"<p><\/p>\n<p style=\"text-align: center;\"><span style=\"color: #99c001;\"><span style=\"font-size: 10pt;\"><b>\u00ab\u00a0LE BONHEUR N&rsquo;EST PAS<\/b>\u00a0<strong>D&rsquo;AVOIR<\/strong><\/span><\/span><strong><span style=\"color: #99c001;\"><span style=\"font-size: 10pt;\">\u00a0UN NOMBRE IMPOSSIBLE DE CHOSES, MAIS IL D\u00c9RIVE DE LA FIERT\u00c9 POUR LE TRAVAIL QUE VOUS FAITES\u00a0\u00bb\u00a0<\/span><span style=\"font-size: 10pt;\">(Gandhi)<\/span><\/span><\/strong><\/p>\n<p>&nbsp;<\/p>\n<p>Je suis Cinzia de l&rsquo;H\u00f4tel La Pace \u00e0 Pradleves. Cette pens\u00e9e de Gandhi m&rsquo;a toujours fascin\u00e9. Bonheur et fiert\u00e9.<\/p>\n<p>L&rsquo;histoire de ma petite maison est une histoire d&rsquo;hommes et de femmes heureux et fiers qui dure depuis 84 ans.<\/p>\n<p>Heureux, comme ma grand-m\u00e8re Domenica, contente d&rsquo;accueillir en 1933 les premiers voyageurs qui se sont aventur\u00e9s dans Valle Grana.<\/p>\n<p>Heureux, comme mon grand-p\u00e8re Costanzo, qui\u00a0chant\u00e9 apr\u00e8s les repas dans une taverne avec les officiers de la garde-fronti\u00e8re.\u00a0C&rsquo;\u00e9tait la fin des ann\u00e9es 40.<\/p>\n<p>Heureux comme les femmes de ma famille qui cuisinaient dans la joie pour les enfants des \u00e9coles de la vall\u00e9e.<\/p>\n<p>C&rsquo;est une histoire d&rsquo;hommes fiers comme mon Oncle Alfredo qui a quitt\u00e9 Pradleves dans les difficiles ann\u00e9es d&rsquo;apr\u00e8s-guerre pour vivre une exp\u00e9rience de travail \u00e0 Turin, Venise, Paris et Stockholm, puis \u00e0 New York, ann\u00e9e apr\u00e8s ann\u00e9e, avec son travail il a contribu\u00e9 au d\u00e9veloppement de l&rsquo;h\u00f4tel.<\/p>\n<p>J&rsquo;ai grandi ici dans ma maison. J&rsquo;ai \u00e9t\u00e9 grond\u00e9e par ma grand-m\u00e8re Menicheto, regard\u00e9 avec douceur par mon grand-p\u00e8re Coustanin et conseill\u00e9 par mon oncle Alfredo. Choses simples, vraies. J&rsquo;ai grandi heureuse et fi\u00e8re parmi les hommes et les femmes qui m&rsquo;ont tenu par la main, aim\u00e9 et apprise \u00e0 aimer mon travail. Et ici j&rsquo;ai \u00e9lev\u00e9 mon fils Gianluca.<\/p>\n<p>C&rsquo;est notre histoire. Nous avons h\u00e2te de vous voir \u00e0 La Pace.<\/p>\n<p>Cinzia<\/p>","protected":false},"excerpt":{"rendered":"<p>\u00ab\u00a0LE BONHEUR N&rsquo;EST PAS\u00a0D&rsquo;AVOIR\u00a0UN NOMBRE IMPOSSIBLE DE CHOSES, MAIS IL D\u00c9RIVE DE LA FIERT\u00c9 POUR LE TRAVAIL QUE VOUS FAITES\u00a0\u00bb\u00a0(Gandhi) &nbsp; Je suis Cinzia de l&rsquo;H\u00f4tel La Pace \u00e0 Pradleves. Cette pens\u00e9e de Gandhi m&rsquo;a toujours fascin\u00e9. Bonheur et fiert\u00e9. L&rsquo;histoire de ma petite maison est une histoire d&rsquo;hommes et de femmes heureux et fiers&#8230;<\/p>\n","protected":false},"author":1,"featured_media":827,"parent":0,"menu_order":0,"comment_status":"closed","ping_status":"closed","template":"","meta":{"footnotes":""},"aioseo_notices":[],"_links":{"self":[{"href":"https:\/\/www.albergodellapace.it\/fr\/wp-json\/wp\/v2\/pages\/20"}],"collection":[{"href":"https:\/\/www.albergodellapace.it\/fr\/wp-json\/wp\/v2\/pages"}],"about":[{"href":"https:\/\/www.albergodellapace.it\/fr\/wp-json\/wp\/v2\/types\/page"}],"author":[{"embeddable":true,"href":"https:\/\/www.albergodellapace.it\/fr\/wp-json\/wp\/v2\/users\/1"}],"replies":[{"embeddable":true,"href":"https:\/\/www.albergodellapace.it\/fr\/wp-json\/wp\/v2\/comments?post=20"}],"version-history":[{"count":22,"href":"https:\/\/www.albergodellapace.it\/fr\/wp-json\/wp\/v2\/pages\/20\/revisions"}],"predecessor-version":[{"id":1324,"href":"https:\/\/www.albergodellapace.it\/fr\/wp-json\/wp\/v2\/pages\/20\/revisions\/1324"}],"wp:featuredmedia":[{"embeddable":true,"href":"https:\/\/www.albergodellapace.it\/fr\/wp-json\/wp\/v2\/media\/827"}],"wp:attachment":[{"href":"https:\/\/www.albergodellapace.it\/fr\/wp-json\/wp\/v2\/media?parent=20"}],"curies":[{"name":"wp","href":"https:\/\/api.w.org\/{rel}","templated":true}]}}