{"id":18,"date":"2017-03-28T14:31:51","date_gmt":"2017-03-28T12:31:51","guid":{"rendered":"http:\/\/www.albergodellapace.it\/?page_id=18"},"modified":"2018-04-16T12:03:59","modified_gmt":"2018-04-16T10:03:59","slug":"dove-siamo","status":"publish","type":"page","link":"https:\/\/www.albergodellapace.it\/fr\/dove-siamo\/","title":{"rendered":"Ou Sommes-nous"},"content":{"rendered":"<p><img loading=\"lazy\" decoding=\"async\" class=\"size-full wp-image-368 aligncenter\" src=\"https:\/\/www.albergodellapace.it\/wp-content\/uploads\/2017\/03\/mappa_pradleves.png\" alt=\"\" width=\"460\" height=\"342\" srcset=\"https:\/\/www.albergodellapace.it\/wp-content\/uploads\/2017\/03\/mappa_pradleves.png 460w, https:\/\/www.albergodellapace.it\/wp-content\/uploads\/2017\/03\/mappa_pradleves-300x223.png 300w\" sizes=\"(max-width: 460px) 100vw, 460px\" \/><\/p>\n<p><strong>Pradleves (Valle Grana)<\/strong><\/p>\n<p>Se trouve \u00e0 25 km de Cuneo (20 minutes en voiture). \u00ab\u00a0<strong>L&rsquo;h\u00f4tel La Pace &#8211;\u00a0Locanda del Castelmagno<\/strong>\u00a0\u00bb vous attend \u00e0 50 m\u00e8tres de la place centrale du village o\u00f9 se trouvent l&rsquo;\u00e9glise, l&rsquo;h\u00f4tel de ville, la pharmacie, la clinique m\u00e9dicale, la poste, l&rsquo;\u00e9cole.<\/p>\n<p>Notre a\u00e9roport le plus proche est l&rsquo;a\u00e9roport de Cuneo Levaldigi, \u00e0 39 km.<br \/>\nL&rsquo;a\u00e9roport de Turin (Caselle) est \u00e0 148 km.<br \/>\nLa gare la plus proche est \u00e0 Cuneo \u00e0 25 Km.<br \/>\nLa ville de Turin, o\u00f9 ont eu lieu les Jeux Olympiques d&rsquo;hiver 2006, est \u00e0 110 km, tandis que Montecarlo &#8211; Principaut\u00e9 de Monaco &#8211; est \u00e0 130 km.<br \/>\n\u00c0 seulement 50 km, Alba, capitale des Langhe, c\u00e9l\u00e8bre pour ses vins.<br \/>\nDans le village arrive le bus de Cuneo.<\/p>\n<p>&nbsp;<\/p>\n<p><iframe loading=\"lazy\" style=\"border: 0;\" src=\"https:\/\/www.google.com\/maps\/embed?pb=!1m18!1m12!1m3!1d2849.7182561424856!2d7.281199115522729!3d44.41842687910249!2m3!1f0!2f0!3f0!3m2!1i1024!2i768!4f13.1!3m3!1m2!1s0x12cd176c5c7d62ef%3A0x63ce85473cdf7b6e!2sAlbergo+Ristorante+%22La+Pace%22!5e0!3m2!1sit!2sit!4v1491918943830\" width=\"100%\" height=\"450\" frameborder=\"0\" allowfullscreen=\"allowfullscreen\"><\/iframe><\/p>","protected":false},"excerpt":{"rendered":"<p>Pradleves (Valle Grana) Se trouve \u00e0 25 km de Cuneo (20 minutes en voiture). \u00ab\u00a0L&rsquo;h\u00f4tel La Pace &#8211;\u00a0Locanda del Castelmagno\u00a0\u00bb vous attend \u00e0 50 m\u00e8tres de la place centrale du village o\u00f9 se trouvent l&rsquo;\u00e9glise, l&rsquo;h\u00f4tel de ville, la pharmacie, la clinique m\u00e9dicale, la poste, l&rsquo;\u00e9cole. Notre a\u00e9roport le plus proche est l&rsquo;a\u00e9roport de Cuneo&#8230;<\/p>\n","protected":false},"author":1,"featured_media":0,"parent":0,"menu_order":0,"comment_status":"closed","ping_status":"closed","template":"","meta":{"footnotes":""},"aioseo_notices":[],"_links":{"self":[{"href":"https:\/\/www.albergodellapace.it\/fr\/wp-json\/wp\/v2\/pages\/18"}],"collection":[{"href":"https:\/\/www.albergodellapace.it\/fr\/wp-json\/wp\/v2\/pages"}],"about":[{"href":"https:\/\/www.albergodellapace.it\/fr\/wp-json\/wp\/v2\/types\/page"}],"author":[{"embeddable":true,"href":"https:\/\/www.albergodellapace.it\/fr\/wp-json\/wp\/v2\/users\/1"}],"replies":[{"embeddable":true,"href":"https:\/\/www.albergodellapace.it\/fr\/wp-json\/wp\/v2\/comments?post=18"}],"version-history":[{"count":14,"href":"https:\/\/www.albergodellapace.it\/fr\/wp-json\/wp\/v2\/pages\/18\/revisions"}],"predecessor-version":[{"id":1329,"href":"https:\/\/www.albergodellapace.it\/fr\/wp-json\/wp\/v2\/pages\/18\/revisions\/1329"}],"wp:attachment":[{"href":"https:\/\/www.albergodellapace.it\/fr\/wp-json\/wp\/v2\/media?parent=18"}],"curies":[{"name":"wp","href":"https:\/\/api.w.org\/{rel}","templated":true}]}}