{"id":12,"date":"2017-03-28T14:31:10","date_gmt":"2017-03-28T12:31:10","guid":{"rendered":"http:\/\/www.albergodellapace.it\/?page_id=12"},"modified":"2018-04-28T16:50:27","modified_gmt":"2018-04-28T14:50:27","slug":"servizi","status":"publish","type":"page","link":"https:\/\/www.albergodellapace.it\/fr\/servizi\/","title":{"rendered":"Services pour les Cyclistes"},"content":{"rendered":"<p><span style=\"font-size: 14pt; color: #745e41;\"><strong>SERVIZI PER I CICLISTI<\/strong><\/span><\/p>\n<table>\n<tbody>\n<tr style=\"height: 35px;\">\n<td style=\"width: 431px; height: 35px;\">\u00a0Local \u00e0 v\u00e9lo avec acc\u00e8s prot\u00e9g\u00e9<\/td>\n<td style=\"width: 305px; height: 35px;\"><img decoding=\"async\" src=\"https:\/\/www.albergodellapace.it\/wp-content\/uploads\/incluso.png\" \/><\/td>\n<\/tr>\n<tr style=\"height: 38px;\">\n<td style=\"width: 431px; height: 38px;\">\u00a0Produits pour la maintenance<\/td>\n<td style=\"width: 305px; height: 38px;\"><img decoding=\"async\" src=\"https:\/\/www.albergodellapace.it\/wp-content\/uploads\/incluso.png\" \/><\/td>\n<\/tr>\n<tr style=\"height: 38px;\">\n<td style=\"width: 431px; height: 38px;\">\u00a0Cartes et informations<\/td>\n<td style=\"width: 305px; height: 38px;\"><img decoding=\"async\" src=\"https:\/\/www.albergodellapace.it\/wp-content\/uploads\/incluso.png\" \/><\/td>\n<\/tr>\n<tr style=\"height: 35px;\">\n<td style=\"width: 431px; height: 35px;\">\u00a0Blanchisserie quotidienne pour v\u00eatements de sport<\/td>\n<td style=\"width: 305px; height: 35px;\"><img decoding=\"async\" src=\"https:\/\/www.albergodellapace.it\/wp-content\/uploads\/incluso.png\" \/><\/td>\n<\/tr>\n<tr style=\"height: 39px;\">\n<td style=\"width: 431px; height: 39px;\">\u00a0Guides de v\u00e9lo (max 5 invit\u00e9s, guide min 1)<\/td>\n<td style=\"width: 305px; height: 39px;\">\u00a0extra<\/td>\n<\/tr>\n<tr style=\"height: 39px;\">\n<td style=\"width: 431px; height: 39px;\">\u00a0GPS maps<\/td>\n<td style=\"width: 305px; height: 39px;\"><img decoding=\"async\" src=\"https:\/\/www.albergodellapace.it\/wp-content\/uploads\/incluso.png\" \/><\/td>\n<\/tr>\n<tr style=\"height: 39px;\">\n<td style=\"width: 431px; height: 39px;\">\u00a0Transfert aux points de d\u00e9part<\/td>\n<td style=\"width: 305px; height: 39px;\">\u00a0extra<\/td>\n<\/tr>\n<tr style=\"height: 38px;\">\n<td style=\"width: 431px; height: 38px;\">\u00a0Navette d&rsquo;urgence<\/td>\n<td style=\"width: 305px; height: 38px;\">\u00a0extra<\/td>\n<\/tr>\n<tr style=\"height: 36px;\">\n<td style=\"width: 431px; height: 36px;\">\u00a0Repas avec des produits locaux<\/td>\n<td style=\"width: 305px; height: 36px;\">\u00a0extra<\/td>\n<\/tr>\n<tr style=\"height: 38px;\">\n<td style=\"width: 431px; height: 38px;\">\u00a0D\u00e9gustations lors des visites \u00e0 v\u00e9lo<\/td>\n<td style=\"width: 305px; height: 38px;\">\u00a0extra<\/td>\n<\/tr>\n<tr style=\"height: 40px;\">\n<td style=\"width: 431px; height: 40px;\">\u00a0Assistance pour l&rsquo;inscription aux \u00e9v\u00e9nements cyclistes locaux<\/td>\n<td style=\"width: 305px; height: 40px;\">\u00a0extra<\/td>\n<\/tr>\n<tr style=\"height: 39px;\">\n<td style=\"width: 431px; height: 39px;\">Location appareils GPS<\/td>\n<td style=\"width: 305px; height: 39px;\">\u00a0extra<\/td>\n<\/tr>\n<tr style=\"height: 36px;\">\n<td style=\"width: 431px; height: 36px;\">Location de casques<\/td>\n<td style=\"width: 305px; height: 36px;\">\u00a0extra<\/td>\n<\/tr>\n<tr style=\"height: 36px;\">\n<td style=\"width: 431px; height: 36px;\">Location eBike<\/td>\n<td style=\"width: 305px; height: 36px;\">\u00a0extra<\/td>\n<\/tr>\n<tr style=\"height: 36px;\">\n<td style=\"width: 431px; height: 36px;\">Location VTT<\/td>\n<td style=\"width: 305px; height: 36px;\">\u00a0extra<\/td>\n<\/tr>\n<tr style=\"height: 35px;\">\n<td style=\"width: 431px; height: 35px;\">Tubes int\u00e9rieurs<\/td>\n<td style=\"width: 305px; height: 35px;\">\u00a0extra<\/td>\n<\/tr>\n<tr style=\"height: 37px;\">\n<td style=\"width: 431px; height: 37px;\">Pneus route et vtt<\/td>\n<td style=\"width: 305px; height: 37px;\">\u00a0extra<\/td>\n<\/tr>\n<tr style=\"height: 42px;\">\n<td style=\"width: 431px; height: 42px;\">\u00a0Verrous de v\u00e9los certifi\u00e9s sur demande \u00e0 la r\u00e9ception<\/td>\n<td style=\"width: 305px; height: 42px;\"><img decoding=\"async\" src=\"https:\/\/www.albergodellapace.it\/wp-content\/uploads\/incluso.png\" \/><\/td>\n<\/tr>\n<tr style=\"height: 36.9063px;\">\n<td style=\"width: 431px; height: 36.9063px;\">\u00a0Prises de recharge de batterie EBike<\/td>\n<td style=\"width: 305px; height: 36.9063px;\"><img decoding=\"async\" src=\"https:\/\/www.albergodellapace.it\/wp-content\/uploads\/incluso.png\" \/><\/td>\n<\/tr>\n<\/tbody>\n<\/table>\n<p><span style=\"font-size: 14pt;\"><strong><span style=\"color: #745e41;\">BIKE ROOM<\/span><\/strong><\/span><\/p>\n<p>Notre salle de v\u00e9lo est \u00e9quip\u00e9e des outils suivants pour l&rsquo;entretien ordinaire de votre v\u00e9lo:<\/p>\n<p>&#8211; table de travail avec des outils<\/p>\n<p>&#8211; Pompe de gonflage<\/p>\n<p>&#8211; supports de bicyclettes<\/p>\n<p>&#8211; Meuble pour casques et chaussures avec fermeture<\/p>\n<p>Pr\u00e8s de la chambre il y a une station de lavage avec des \u00e9ponges et des d\u00e9tergents.<\/p>","protected":false},"excerpt":{"rendered":"<p>SERVIZI PER I CICLISTI \u00a0Local \u00e0 v\u00e9lo avec acc\u00e8s prot\u00e9g\u00e9 \u00a0Produits pour la maintenance \u00a0Cartes et informations \u00a0Blanchisserie quotidienne pour v\u00eatements de sport \u00a0Guides de v\u00e9lo (max 5 invit\u00e9s, guide min 1) \u00a0extra \u00a0GPS maps \u00a0Transfert aux points de d\u00e9part \u00a0extra \u00a0Navette d&rsquo;urgence \u00a0extra \u00a0Repas avec des produits locaux \u00a0extra \u00a0D\u00e9gustations lors des visites \u00e0&#8230;<\/p>\n","protected":false},"author":1,"featured_media":707,"parent":0,"menu_order":0,"comment_status":"closed","ping_status":"closed","template":"","meta":{"footnotes":""},"aioseo_notices":[],"_links":{"self":[{"href":"https:\/\/www.albergodellapace.it\/fr\/wp-json\/wp\/v2\/pages\/12"}],"collection":[{"href":"https:\/\/www.albergodellapace.it\/fr\/wp-json\/wp\/v2\/pages"}],"about":[{"href":"https:\/\/www.albergodellapace.it\/fr\/wp-json\/wp\/v2\/types\/page"}],"author":[{"embeddable":true,"href":"https:\/\/www.albergodellapace.it\/fr\/wp-json\/wp\/v2\/users\/1"}],"replies":[{"embeddable":true,"href":"https:\/\/www.albergodellapace.it\/fr\/wp-json\/wp\/v2\/comments?post=12"}],"version-history":[{"count":19,"href":"https:\/\/www.albergodellapace.it\/fr\/wp-json\/wp\/v2\/pages\/12\/revisions"}],"predecessor-version":[{"id":1337,"href":"https:\/\/www.albergodellapace.it\/fr\/wp-json\/wp\/v2\/pages\/12\/revisions\/1337"}],"wp:featuredmedia":[{"embeddable":true,"href":"https:\/\/www.albergodellapace.it\/fr\/wp-json\/wp\/v2\/media\/707"}],"wp:attachment":[{"href":"https:\/\/www.albergodellapace.it\/fr\/wp-json\/wp\/v2\/media?parent=12"}],"curies":[{"name":"wp","href":"https:\/\/api.w.org\/{rel}","templated":true}]}}