{"id":278,"date":"2017-04-04T17:24:32","date_gmt":"2017-04-04T15:24:32","guid":{"rendered":"http:\/\/www.albergodellapace.it\/?page_id=278"},"modified":"2019-04-25T11:47:03","modified_gmt":"2019-04-25T09:47:03","slug":"gastronomia-2","status":"publish","type":"page","link":"https:\/\/www.albergodellapace.it\/de\/gastronomia-2\/","title":{"rendered":"Gastronomie"},"content":{"rendered":"<p><span style=\"font-size: 14pt; color: #745e41;\"><strong>GOURMET-ERLEBNISSE<\/strong><\/span><\/p>\n<p>&nbsp;<\/p>\n<p>Wir <strong>organisieren<\/strong> gastronomische Erlebnisse w\u00e4hrend der Ausfl\u00fcge oder danach:<br \/>\n\u2022\u00a0<strong><span style=\"color: #745e41;\">Kochkurs<\/span>:<\/strong> Ein <strong>K\u00fcchenchef<\/strong> hilft euch bei der Zubereitung eines der typischen Gerichte des Grana-Tals, der <strong>Gnocchi al Castelmagno.<\/strong><\/p>\n<p>&nbsp;<\/p>\n<p><a href=\"https:\/\/www.albergodellapace.it\/wp-content\/uploads\/2017\/05\/gastronomy-05.jpg\"><img loading=\"lazy\" decoding=\"async\" class=\"alignnone wp-image-618\" src=\"https:\/\/www.albergodellapace.it\/wp-content\/uploads\/2017\/05\/gastronomy-05.jpg\" alt=\"\" width=\"371\" height=\"279\" srcset=\"https:\/\/www.albergodellapace.it\/wp-content\/uploads\/2017\/05\/gastronomy-05.jpg 600w, https:\/\/www.albergodellapace.it\/wp-content\/uploads\/2017\/05\/gastronomy-05-300x225.jpg 300w\" sizes=\"auto, (max-width: 371px) 100vw, 371px\" \/><\/a><\/p>\n<p>&nbsp;<\/p>\n<p>\u2022\u00a0<strong><span style=\"color: #745e41;\">K\u00e4serei La Poiana<\/span>:<\/strong> <strong>Besuch<\/strong> des Orts, wo der <strong>K\u00f6nig der K\u00e4se<\/strong>, der Castelmagno, entsteht <a href=\"https:\/\/www.cooperativalapoiana.it\/\">www.cooperativalapoiana.it<\/a><\/p>\n<p>&nbsp;<\/p>\n<p><a href=\"https:\/\/www.albergodellapace.it\/wp-content\/uploads\/2017\/04\/Poiana1.jpg\"><img loading=\"lazy\" decoding=\"async\" class=\"alignnone wp-image-687\" src=\"https:\/\/www.albergodellapace.it\/wp-content\/uploads\/2017\/04\/Poiana1.jpg\" alt=\"\" width=\"369\" height=\"237\" srcset=\"https:\/\/www.albergodellapace.it\/wp-content\/uploads\/2017\/04\/Poiana1.jpg 900w, https:\/\/www.albergodellapace.it\/wp-content\/uploads\/2017\/04\/Poiana1-300x193.jpg 300w, https:\/\/www.albergodellapace.it\/wp-content\/uploads\/2017\/04\/Poiana1-768x493.jpg 768w\" sizes=\"auto, (max-width: 369px) 100vw, 369px\" \/><\/a><\/p>\n<p>&nbsp;<\/p>\n<p>\u2022\u00a0<span style=\"color: #745e41;\"><strong>Piemontesisches Picknick:<\/strong><\/span> Macht eine <strong>Pause<\/strong> auf dem Land im Grana-Tal, auf dem Bauernhof Cascina Rosa <a href=\"https:\/\/www.cascinarosa.it\/\">www.cascinarosa.it<\/a> mit K\u00e4se, Salat, Omelett und Obst, den <strong>typischen Gerichten<\/strong> des Grana-Tals!<\/p>\n<p>&nbsp;<\/p>\n<p><a href=\"https:\/\/www.albergodellapace.it\/wp-content\/uploads\/2017\/04\/Poiana.jpg\"><img loading=\"lazy\" decoding=\"async\" class=\"alignnone wp-image-686\" src=\"https:\/\/www.albergodellapace.it\/wp-content\/uploads\/2017\/04\/Poiana.jpg\" alt=\"\" width=\"366\" height=\"274\" srcset=\"https:\/\/www.albergodellapace.it\/wp-content\/uploads\/2017\/04\/Poiana.jpg 552w, https:\/\/www.albergodellapace.it\/wp-content\/uploads\/2017\/04\/Poiana-300x225.jpg 300w\" sizes=\"auto, (max-width: 366px) 100vw, 366px\" \/><\/a><\/p>","protected":false},"excerpt":{"rendered":"<p>GOURMET-ERLEBNISSE &nbsp; Wir organisieren gastronomische Erlebnisse w\u00e4hrend der Ausfl\u00fcge oder danach: \u2022\u00a0Kochkurs: Ein K\u00fcchenchef hilft euch bei der Zubereitung eines der typischen Gerichte des Grana-Tals, der Gnocchi al Castelmagno. &nbsp; &nbsp; \u2022\u00a0K\u00e4serei La Poiana: Besuch des Orts, wo der K\u00f6nig der K\u00e4se, der Castelmagno, entsteht www.cooperativalapoiana.it &nbsp; &nbsp; \u2022\u00a0Piemontesisches Picknick: Macht eine Pause auf dem&#8230;<\/p>\n","protected":false},"author":1,"featured_media":0,"parent":0,"menu_order":0,"comment_status":"closed","ping_status":"closed","template":"","meta":{"footnotes":""},"class_list":["post-278","page","type-page","status-publish","hentry"],"aioseo_notices":[],"_links":{"self":[{"href":"https:\/\/www.albergodellapace.it\/de\/wp-json\/wp\/v2\/pages\/278","targetHints":{"allow":["GET"]}}],"collection":[{"href":"https:\/\/www.albergodellapace.it\/de\/wp-json\/wp\/v2\/pages"}],"about":[{"href":"https:\/\/www.albergodellapace.it\/de\/wp-json\/wp\/v2\/types\/page"}],"author":[{"embeddable":true,"href":"https:\/\/www.albergodellapace.it\/de\/wp-json\/wp\/v2\/users\/1"}],"replies":[{"embeddable":true,"href":"https:\/\/www.albergodellapace.it\/de\/wp-json\/wp\/v2\/comments?post=278"}],"version-history":[{"count":30,"href":"https:\/\/www.albergodellapace.it\/de\/wp-json\/wp\/v2\/pages\/278\/revisions"}],"predecessor-version":[{"id":1475,"href":"https:\/\/www.albergodellapace.it\/de\/wp-json\/wp\/v2\/pages\/278\/revisions\/1475"}],"wp:attachment":[{"href":"https:\/\/www.albergodellapace.it\/de\/wp-json\/wp\/v2\/media?parent=278"}],"curies":[{"name":"wp","href":"https:\/\/api.w.org\/{rel}","templated":true}]}}