{"id":22,"date":"2017-03-28T14:32:23","date_gmt":"2017-03-28T12:32:23","guid":{"rendered":"http:\/\/www.albergodellapace.it\/?page_id=22"},"modified":"2024-07-17T10:39:30","modified_gmt":"2024-07-17T08:39:30","slug":"albergo","status":"publish","type":"page","link":"https:\/\/www.albergodellapace.it\/de\/albergo\/","title":{"rendered":"Hotel"},"content":{"rendered":"<p><\/p>\n<h2 style=\"text-align: center;\">PREISLISTE HOTEL<\/h2>\n<h3 style=\"text-align: center;\">\u00a0PREISE 2024<\/h3>\n<table style=\"width: 100%; font-size: 1.0em;\">\n<tbody>\n<tr>\n<td style=\"background-color: #745e41; color: #fff; padding: 5px; text-align: center;\"><\/td>\n<td style=\"background-color: #745e41; color: #fff; padding: 5px; text-align: center;\"><strong>B&amp;B<\/strong><\/td>\n<td style=\"background-color: #745e41; color: #fff; padding: 5px; text-align: center;\"><strong>HB<\/strong><\/td>\n<td style=\"background-color: #745e41; color: #fff; padding: 5px; text-align: center;\"><strong>FB<\/strong><\/td>\n<\/tr>\n<tr>\n<td style=\"background-color: #745e41; color: #fff; padding: 0px; text-align: center;\"><\/td>\n<td style=\"background-color: #745e41; color: #fff; padding: 0px; text-align: center;\"><\/td>\n<td style=\"background-color: #745e41; color: #fff; padding: 0px; text-align: center; font-size: 0.7em;\"><\/td>\n<td style=\"background-color: #745e41; color: #fff; padding: 0px; text-align: center; font-size: 0.7em;\"><\/td>\n<\/tr>\n<tr>\n<td style=\"background-color: #d0c6ba; color: #000; padding: 5px; text-align: center;\">Doppelzimmer<\/td>\n<td style=\"background-color: #d0c6ba; color: #000; padding: 5px; text-align: center;\">55,00\/70,00<\/td>\n<td style=\"background-color: #d0c6ba; color: #000; padding: 5px; text-align: center;\">75,00\/95,00<\/td>\n<td style=\"background-color: #d0c6ba; color: #000; padding: 5px; text-align: center;\">85,00\/100,00<\/td>\n<\/tr>\n<tr>\n<td style=\"background-color: #c4b8a8; color: #000; padding: 5px; text-align: center;\">Einzelzimmer<\/td>\n<td style=\"background-color: #c4b8a8; color: #000; padding: 5px; text-align: center;\">70,00\/85,00<\/td>\n<td style=\"background-color: #c4b8a8; color: #000; padding: 5px; text-align: center;\">85,00\/105,00<\/td>\n<td style=\"background-color: #c4b8a8; color: #000; padding: 5px; text-align: center;\">95,00\/120,00<\/td>\n<\/tr>\n<\/tbody>\n<\/table>\n<hr \/>\n<p style=\"text-align: center;\"><strong>Die Preise gelten pro Person und Tag f\u00fcr einen Aufenthalt von mindestens 3 Tagen. Getr\u00e4nke ausgeschlossen.<\/strong><\/p>\n<hr \/>\n<table>\n<tbody>\n<tr style=\"height: 59px;\">\n<td style=\"height: 59px; width: 542px;\">\n<h2>SERVICELEISTUNGEN HOTEL<\/h2>\n<\/td>\n<td style=\"height: 59px; width: 281px; text-align: center;\">\n<h2>INKLUSIVE<\/h2>\n<\/td>\n<\/tr>\n<tr style=\"height: 36px;\">\n<td style=\"height: 36px; width: 542px;\">WiFi<\/td>\n<td style=\"text-align: center; height: 36px; width: 281px;\"><img decoding=\"async\" src=\"https:\/\/www.albergodellapace.it\/wp-content\/uploads\/incluso.png\" \/><\/td>\n<\/tr>\n<tr style=\"height: 38px;\">\n<td style=\"height: 38px; width: 542px;\">TV<\/td>\n<td style=\"text-align: center; height: 38px; width: 281px;\"><img decoding=\"async\" src=\"https:\/\/www.albergodellapace.it\/wp-content\/uploads\/incluso.png\" \/><\/td>\n<\/tr>\n<tr style=\"height: 37px;\">\n<td style=\"height: 37px; width: 542px;\">24-Std-Kaffeemaschinennutzung<\/td>\n<td style=\"text-align: center; height: 37px; width: 281px;\"><img decoding=\"async\" src=\"https:\/\/www.albergodellapace.it\/wp-content\/uploads\/incluso.png\" \/><\/td>\n<\/tr>\n<tr style=\"height: 34px;\">\n<td style=\"height: 34px; width: 542px;\">M\u00f6blierte Aussichtsterrassen<\/td>\n<td style=\"height: 34px; text-align: center; width: 281px;\"><img decoding=\"async\" src=\"https:\/\/www.albergodellapace.it\/wp-content\/uploads\/incluso.png\" \/><\/td>\n<\/tr>\n<tr style=\"height: 36px;\">\n<td style=\"height: 36px; width: 542px;\">Kostenloser \u00f6ffentlicher Parkplatz in 50m<\/td>\n<td style=\"height: 36px; text-align: center; width: 281px;\"><img decoding=\"async\" src=\"https:\/\/www.albergodellapace.it\/wp-content\/uploads\/incluso.png\" \/><\/td>\n<\/tr>\n<tr style=\"height: 32px;\">\n<td style=\"height: 32px; width: 542px;\">Bike-Raum<\/td>\n<td style=\"height: 32px; text-align: center; width: 281px;\"><img decoding=\"async\" src=\"https:\/\/www.albergodellapace.it\/wp-content\/uploads\/incluso.png\" \/><\/td>\n<\/tr>\n<tr style=\"height: 34px;\">\n<td style=\"height: 34px; width: 542px;\">Wellness-raum mit Wellness-Kit<\/td>\n<td style=\"height: 34px; text-align: center; width: 281px;\">Extrakosten<\/td>\n<\/tr>\n<tr style=\"height: 36px;\">\n<td style=\"height: 36px; width: 542px;\">Restaurant-Service HP \/ VP<\/td>\n<td style=\"height: 36px; text-align: center; width: 281px;\"><img decoding=\"async\" src=\"https:\/\/www.albergodellapace.it\/wp-content\/uploads\/incluso.png\" \/><\/td>\n<\/tr>\n<tr style=\"height: 34px;\">\n<td style=\"height: 34px; width: 542px;\">Bar-Service mit Preisliste<\/td>\n<td style=\"height: 34px; text-align: center; width: 281px;\"><img decoding=\"async\" src=\"https:\/\/www.albergodellapace.it\/wp-content\/uploads\/incluso.png\" \/><\/td>\n<\/tr>\n<tr style=\"height: 36px;\">\n<td style=\"height: 36px; width: 542px;\">Garten mit biodynamischem Gem\u00fcsegarten<\/td>\n<td style=\"height: 36px; text-align: center; width: 281px;\"><img decoding=\"async\" src=\"https:\/\/www.albergodellapace.it\/wp-content\/uploads\/incluso.png\" \/><\/td>\n<\/tr>\n<tr style=\"height: 36px;\">\n<td style=\"height: 36px; width: 542px;\">Fahrradguide (Stra\u00dfe \/ MTB)<\/td>\n<td style=\"height: 36px; text-align: center; width: 281px;\">Extrakosten<\/td>\n<\/tr>\n<tr style=\"height: 32px;\">\n<td style=\"height: 32px; width: 542px;\">Naturf\u00fchrer<\/td>\n<td style=\"height: 32px; text-align: center; width: 281px;\">Extrakosten<\/td>\n<\/tr>\n<tr style=\"height: 34px;\">\n<td style=\"height: 34px; width: 542px;\">Informationsmaterial \u00fcber die Umgebung zur Ansicht<\/td>\n<td style=\"height: 34px; text-align: center; width: 281px;\"><img decoding=\"async\" src=\"https:\/\/www.albergodellapace.it\/wp-content\/uploads\/incluso.png\" \/><\/td>\n<\/tr>\n<tr style=\"height: 35px;\">\n<td style=\"height: 35px; width: 542px;\">Zentraler Safe<\/td>\n<td style=\"height: 35px; text-align: center; width: 281px;\"><img decoding=\"async\" src=\"https:\/\/www.albergodellapace.it\/wp-content\/uploads\/incluso.png\" \/><\/td>\n<\/tr>\n<tr style=\"height: 33.6875px;\">\n<td style=\"height: 33.6875px; width: 542px;\">Zentraler B\u00fcgelraum<\/td>\n<td style=\"height: 33.6875px; text-align: center; width: 281px;\"><img decoding=\"async\" src=\"https:\/\/www.albergodellapace.it\/wp-content\/uploads\/incluso.png\" \/><\/td>\n<\/tr>\n<tr style=\"height: 33px;\">\n<td style=\"height: 33px; width: 542px;\">Privater Shuttle-Service zum Flughafen \/ Bahnhof<\/td>\n<td style=\"height: 33px; text-align: center; width: 281px;\">Extrakosten<\/td>\n<\/tr>\n<\/tbody>\n<\/table>\n<p style=\"text-align: center;\"><strong>INBEGRIFFENE SERVICELEISTUNGEN<\/strong><\/p>\n<div class=\"container\">\n<div class=\"row\" style=\"width: 70%; float: left; text-align: center;\">\n<div class=\"col-sm-3\">\n<p><img decoding=\"async\" style=\"width: 80px; margin-top: 30px;\" src=\"https:\/\/www.albergodellapace.it\/wp-content\/uploads\/bed1.png\" \/><\/p>\n<h4>Doppelbett<\/h4>\n<\/div>\n<div class=\"col-sm-3\">\n<p><img decoding=\"async\" style=\"width: 80px; margin-top: 30px;\" src=\"https:\/\/www.albergodellapace.it\/wp-content\/uploads\/spa.png\" \/><\/p>\n<h4>Wellness-Raum<\/h4>\n<\/div>\n<div class=\"col-sm-3\">\n<p><img decoding=\"async\" style=\"width: 80px; margin-top: 30px;\" src=\"https:\/\/www.albergodellapace.it\/wp-content\/uploads\/wifi1.png\" \/><\/p>\n<h4>WiFi<\/h4>\n<\/div>\n<div class=\"col-sm-3\">\n<p><img decoding=\"async\" style=\"width: 80px; margin-top: 30px;\" src=\"https:\/\/www.albergodellapace.it\/wp-content\/uploads\/tv1.png\" \/><\/p>\n<h4>Fernseher im Zimmer<\/h4>\n<\/div>\n<\/div>\n<div class=\"row\" style=\"width: 70%; float: left; text-align: center;\">\n<div class=\"col-sm-3\">\n<p><img decoding=\"async\" style=\"width: 80px; margin-top: 30px;\" src=\"https:\/\/www.albergodellapace.it\/wp-content\/uploads\/brunch1.png\" \/><\/p>\n<h4><b>24-Std-G\u00e4stek\u00fcchen-<\/b><br \/>\n<b>nutzung<\/b><\/h4>\n<\/div>\n<div class=\"col-sm-3\">\n<p><img decoding=\"async\" style=\"width: 80px; margin-top: 30px;\" src=\"https:\/\/www.albergodellapace.it\/wp-content\/uploads\/caffe.png\" \/><\/p>\n<h4><b>24-Std-Kaffeemaschinen-<br \/>\nnutzung<\/b><\/h4>\n<\/div>\n<div class=\"col-sm-3\">\n<p><img decoding=\"async\" style=\"width: 80px; margin-top: 30px;\" src=\"https:\/\/www.albergodellapace.it\/wp-content\/uploads\/terrace.png\" \/><\/p>\n<h4>M\u00f6blierte Aussichtsterrassen<\/h4>\n<\/div>\n<div class=\"col-sm-3\">\n<p><img decoding=\"async\" style=\"width: 80px; margin-top: 30px;\" src=\"https:\/\/www.albergodellapace.it\/wp-content\/uploads\/parking1.png\" \/><\/p>\n<h4>Kostenloser \u00f6ffentlicher Parkplatz in 50m<\/h4>\n<\/div>\n<\/div>\n<\/div>\n<p>Restaurant mit Men\u00fc \u00e0 la Carte + set menu mit lokalen Spezialit\u00e4ten.<br \/>\nKleine Haustiere sind willkommen und kostenfrei<\/p>\n<p>\u20ac 20<\/p>\n<h2 style=\"text-align: center;\">HOTEL PRICE LIST 2024<\/h2>\n<table style=\"width: 100%; font-size: 1.0em;\">\n<tbody>\n<tr style=\"height: 23px;\">\n<td style=\"background-color: #745e41; color: #ffffff; padding: 5px; text-align: center; height: 23px;\"><\/td>\n<td style=\"background-color: #745e41; color: #ffffff; padding: 5px; text-align: center; height: 23px;\"><strong>B&amp;B<\/strong><\/td>\n<td style=\"background-color: #745e41; color: #ffffff; padding: 5px; text-align: center; height: 23px;\"><strong>HB<\/strong><\/td>\n<td style=\"background-color: #745e41; color: #ffffff; padding: 5px; text-align: center; height: 23px;\"><strong>FB<\/strong><\/td>\n<\/tr>\n<tr style=\"height: 23.6px;\">\n<td style=\"background-color: #d0c6ba; color: #000000; padding: 5px; text-align: center; height: 23.6px;\">Double room<\/td>\n<td style=\"background-color: #d0c6ba; color: #000000; padding: 5px; text-align: center; height: 23.6px;\">55,00\/70,00<\/td>\n<td style=\"background-color: #d0c6ba; color: #000000; padding: 5px; text-align: center; height: 23.6px;\">75,00\/95,00<\/td>\n<td style=\"background-color: #d0c6ba; color: #000000; padding: 5px; text-align: center; height: 23.6px;\">85,00\/100,00<\/td>\n<\/tr>\n<tr style=\"height: 23px;\">\n<td style=\"background-color: #c4b8a8; color: #000000; padding: 5px; text-align: center; height: 23px;\">Single room<\/td>\n<td style=\"background-color: #c4b8a8; color: #000000; padding: 5px; text-align: center; height: 23px;\">70,00\/85,00<\/td>\n<td style=\"background-color: #c4b8a8; color: #000000; padding: 5px; text-align: center; height: 23px;\">85,00\/105,00<\/td>\n<td style=\"background-color: #c4b8a8; color: #000000; padding: 5px; text-align: center; height: 23px;\">95,00\/120,00<\/td>\n<\/tr>\n<\/tbody>\n<\/table>\n<p>The prices are per person per day for a stay of at least 3 days. Drinks not included.<\/p>\n<hr \/>\n<table>\n<tbody>\n<tr style=\"height: 59px;\">\n<td style=\"height: 59px; width: 542px;\">\n<h2>HOTEL SERVICES AND FACILITIES<\/h2>\n<\/td>\n<td style=\"height: 59px; width: 281px; text-align: center;\">\n<h2>INCLUDED<\/h2>\n<\/td>\n<\/tr>\n<tr style=\"height: 38px;\">\n<td style=\"height: 38px; width: 542px;\">TV<\/td>\n<td style=\"text-align: center; height: 38px; width: 281px;\"><img decoding=\"async\" src=\"https:\/\/www.albergodellapace.it\/wp-content\/uploads\/incluso.png\" \/><\/td>\n<\/tr>\n<tr style=\"height: 37px;\">\n<td style=\"height: 37px; width: 542px;\">Coffee Machine H24<\/td>\n<td style=\"text-align: center; height: 37px; width: 281px;\"><img decoding=\"async\" src=\"https:\/\/www.albergodellapace.it\/wp-content\/uploads\/incluso.png\" \/><\/td>\n<\/tr>\n<tr style=\"height: 34px;\">\n<td style=\"height: 34px; width: 542px;\">Panoramic terraces<\/td>\n<td style=\"height: 34px; text-align: center; width: 281px;\"><img decoding=\"async\" src=\"https:\/\/www.albergodellapace.it\/wp-content\/uploads\/incluso.png\" \/><\/td>\n<\/tr>\n<tr style=\"height: 36px;\">\n<td style=\"height: 36px; width: 542px;\">Free public parking space (50 meters from our hotel entrance)<\/td>\n<td style=\"height: 36px; text-align: center; width: 281px;\"><img decoding=\"async\" src=\"https:\/\/www.albergodellapace.it\/wp-content\/uploads\/incluso.png\" \/><\/td>\n<\/tr>\n<tr style=\"height: 32px;\">\n<td style=\"height: 32px; width: 542px;\">Bike room<\/td>\n<td style=\"height: 32px; text-align: center; width: 281px;\"><img decoding=\"async\" src=\"https:\/\/www.albergodellapace.it\/wp-content\/uploads\/incluso.png\" \/><\/td>\n<\/tr>\n<tr style=\"height: 34px;\">\n<td style=\"height: 34px; width: 542px;\">Wellness room &amp; beauty kit<\/td>\n<td style=\"height: 34px; text-align: center; width: 281px;\">extra charge<\/td>\n<\/tr>\n<tr style=\"height: 36px;\">\n<td style=\"height: 36px; width: 542px;\">Full board \/ Half board<\/td>\n<td style=\"height: 36px; text-align: center; width: 281px;\"><img decoding=\"async\" src=\"https:\/\/www.albergodellapace.it\/wp-content\/uploads\/incluso.png\" \/><\/td>\n<\/tr>\n<tr style=\"height: 34px;\">\n<td style=\"height: 34px; width: 542px;\">Bar<\/td>\n<td style=\"height: 34px; text-align: center; width: 281px;\"><img decoding=\"async\" src=\"https:\/\/www.albergodellapace.it\/wp-content\/uploads\/incluso.png\" \/><\/td>\n<\/tr>\n<tr style=\"height: 36px;\">\n<td style=\"height: 36px; width: 542px;\">Road bike\/ Mountain bike guide<\/td>\n<td style=\"height: 36px; text-align: center; width: 281px;\">extra charge<\/td>\n<\/tr>\n<tr style=\"height: 32px;\">\n<td style=\"height: 32px; width: 542px;\">Local guide<\/td>\n<td style=\"height: 32px; text-align: center; width: 281px;\">extra charge<\/td>\n<\/tr>\n<tr style=\"height: 34px;\">\n<td style=\"height: 34px; width: 542px;\">Local information for consultation<\/td>\n<td style=\"height: 34px; text-align: center; width: 281px;\"><img decoding=\"async\" src=\"https:\/\/www.albergodellapace.it\/wp-content\/uploads\/incluso.png\" \/><\/td>\n<\/tr>\n<tr style=\"height: 35px;\">\n<td style=\"height: 35px; width: 542px;\">Centralized safe<\/td>\n<td style=\"height: 35px; text-align: center; width: 281px;\"><img decoding=\"async\" src=\"https:\/\/www.albergodellapace.it\/wp-content\/uploads\/incluso.png\" \/><\/td>\n<\/tr>\n<tr style=\"height: 33px;\">\n<td style=\"height: 33px; width: 542px;\">Centralized ironing corner<\/td>\n<td style=\"height: 33px; text-align: center; width: 281px;\"><img decoding=\"async\" src=\"https:\/\/www.albergodellapace.it\/wp-content\/uploads\/incluso.png\" \/><\/td>\n<\/tr>\n<tr style=\"height: 33px;\">\n<td style=\"height: 33px; width: 542px;\">Private transfer to\/from the airport or train station<\/td>\n<td style=\"height: 33px; text-align: center; width: 281px;\">extra charge<\/td>\n<\/tr>\n<\/tbody>\n<\/table>\n<div class=\"container\">\n<div class=\"row\" style=\"width: 70%; float: left; text-align: center;\">\n<div class=\"col-sm-3\">\n<p><img decoding=\"async\" style=\"width: 80px; margin-top: 30px;\" src=\"https:\/\/www.albergodellapace.it\/wp-content\/uploads\/bed1.png\" \/><\/p>\n<h4>Double bed<\/h4>\n<\/div>\n<div class=\"col-sm-3\">\n<p><img decoding=\"async\" style=\"width: 80px; margin-top: 30px;\" src=\"https:\/\/www.albergodellapace.it\/wp-content\/uploads\/spa.png\" \/><\/p>\n<h4>Wellness Room<\/h4>\n<\/div>\n<div class=\"col-sm-3\">\n<p><img decoding=\"async\" style=\"width: 80px; margin-top: 30px;\" src=\"https:\/\/www.albergodellapace.it\/wp-content\/uploads\/wifi1.png\" \/><\/p>\n<h4>Wi-Fi<\/h4>\n<\/div>\n<div class=\"col-sm-3\">\n<p><img decoding=\"async\" style=\"width: 80px; margin-top: 30px;\" src=\"https:\/\/www.albergodellapace.it\/wp-content\/uploads\/tv1.png\" \/><\/p>\n<h4>Private TV<\/h4>\n<\/div>\n<\/div>\n<div class=\"row\" style=\"width: 70%; float: left; text-align: center;\">\n<div class=\"col-sm-3\">\n<p><img decoding=\"async\" style=\"width: 80px; margin-top: 30px;\" src=\"https:\/\/www.albergodellapace.it\/wp-content\/uploads\/brunch1.png\" \/><\/p>\n<h4>Brunch room H24<\/h4>\n<\/div>\n<div class=\"col-sm-3\">\n<p><img decoding=\"async\" style=\"width: 80px; margin-top: 30px;\" src=\"https:\/\/www.albergodellapace.it\/wp-content\/uploads\/caffe.png\" \/><\/p>\n<h4>Coffee Machine H24<\/h4>\n<\/div>\n<div class=\"col-sm-3\">\n<p><img decoding=\"async\" style=\"width: 80px; margin-top: 30px;\" src=\"https:\/\/www.albergodellapace.it\/wp-content\/uploads\/terrace.png\" \/><\/p>\n<h4>Panoramic terraces<\/h4>\n<\/div>\n<div class=\"col-sm-3\">\n<p><img decoding=\"async\" style=\"width: 80px; margin-top: 30px;\" src=\"https:\/\/www.albergodellapace.it\/wp-content\/uploads\/parking1.png\" \/><\/p>\n<h4>Free public parking space 50 meters from Hotel entrance<\/h4>\n<\/div>\n<\/div>\n<\/div>\n<p>Restaurant a la carte + set menu with local specialties.<br \/>\nSmall pets are welcome.<\/p>\n<p>Price for the cleaning of the room after the staying of an animal \u20ac 20<\/p>\n<p><\/p>","protected":false},"excerpt":{"rendered":"<p>PREISLISTE HOTEL \u00a0PREISE 2024 B&amp;B HB FB Doppelzimmer 55,00\/70,00 75,00\/95,00 85,00\/100,00 Einzelzimmer 70,00\/85,00 85,00\/105,00 95,00\/120,00 Die Preise gelten pro Person und Tag f\u00fcr einen Aufenthalt von mindestens 3 Tagen. Getr\u00e4nke ausgeschlossen. SERVICELEISTUNGEN HOTEL INKLUSIVE WiFi TV 24-Std-Kaffeemaschinennutzung M\u00f6blierte Aussichtsterrassen Kostenloser \u00f6ffentlicher Parkplatz in 50m Bike-Raum Wellness-raum mit Wellness-Kit Extrakosten Restaurant-Service HP \/ VP Bar-Service mit&#8230;<\/p>\n","protected":false},"author":1,"featured_media":737,"parent":0,"menu_order":0,"comment_status":"closed","ping_status":"closed","template":"","meta":{"footnotes":""},"aioseo_notices":[],"_links":{"self":[{"href":"https:\/\/www.albergodellapace.it\/de\/wp-json\/wp\/v2\/pages\/22"}],"collection":[{"href":"https:\/\/www.albergodellapace.it\/de\/wp-json\/wp\/v2\/pages"}],"about":[{"href":"https:\/\/www.albergodellapace.it\/de\/wp-json\/wp\/v2\/types\/page"}],"author":[{"embeddable":true,"href":"https:\/\/www.albergodellapace.it\/de\/wp-json\/wp\/v2\/users\/1"}],"replies":[{"embeddable":true,"href":"https:\/\/www.albergodellapace.it\/de\/wp-json\/wp\/v2\/comments?post=22"}],"version-history":[{"count":196,"href":"https:\/\/www.albergodellapace.it\/de\/wp-json\/wp\/v2\/pages\/22\/revisions"}],"predecessor-version":[{"id":2178,"href":"https:\/\/www.albergodellapace.it\/de\/wp-json\/wp\/v2\/pages\/22\/revisions\/2178"}],"wp:featuredmedia":[{"embeddable":true,"href":"https:\/\/www.albergodellapace.it\/de\/wp-json\/wp\/v2\/media\/737"}],"wp:attachment":[{"href":"https:\/\/www.albergodellapace.it\/de\/wp-json\/wp\/v2\/media?parent=22"}],"curies":[{"name":"wp","href":"https:\/\/api.w.org\/{rel}","templated":true}]}}