{"id":20,"date":"2017-03-28T14:32:15","date_gmt":"2017-03-28T12:32:15","guid":{"rendered":"http:\/\/www.albergodellapace.it\/?page_id=20"},"modified":"2018-04-16T11:33:53","modified_gmt":"2018-04-16T09:33:53","slug":"storia","status":"publish","type":"page","link":"https:\/\/www.albergodellapace.it\/de\/storia\/","title":{"rendered":"WER WIR SIND"},"content":{"rendered":"<p><\/p>\n<p style=\"text-align: center;\"><span style=\"color: #99c001;\"><strong>GL\u00dcCK KOMMT NICHT VON DEN DINGEN, DIE WIR BESITZEN. GL\u00dcCK KOMMT DURCH DIE ARBEIT UND UNSEREN STOLZ AUF DAS, WAS WIR TUN.\u00a0(Gandhi)<\/strong><\/span><\/p>\n<p>&nbsp;<\/p>\n<p>Ich bin Cinzia vom Hotel La Pace in Pradleves.\u00a0 Dieser Gedanke von Gandhi hat mich immer schon fasziniert.<\/p>\n<p>Gl\u00fcck und Stolz. Die Geschichte meines kleinen Hauses ist eine Geschichte von gl\u00fccklichen und stolzen Frauen und M\u00e4nnern, die bereits 84 Jahre dauert.<\/p>\n<p>Gl\u00fccklich, wie meine Gro\u00dfmutter Domenica, die 1933 die ersten Wanderer, die sich ins Grana-Tal vorwagten, beherbergte.<\/p>\n<p>Gl\u00fccklich, wie mein Gro\u00dfvater Costanzo, der nach dem Essen in der Osteria mit den Offizieren der Grenzwache sang. Das war Ende der 40er Jahre.<\/p>\n<p>Gl\u00fccklich, wie die Frauen meiner Familie, die fr\u00f6hlich f\u00fcr die Schulkinder des Tals kochten.<\/p>\n<p>Es ist eine Geschichte von stolzen M\u00e4nnern, wie meinem Onkel Alfredo, der in den schwierigen Nachkriegsjahren Pradleves verlie\u00df, um Arbeitserfahrungen in Turin, Venedig, Paris, Stockholm und schlie\u00dflich in New York zu sammeln und so Jahr f\u00fcr Jahr mit seinen Anstrengungen zur Entwicklung des Hotels beizutragen.<\/p>\n<p>Ich wuchs hier in meinem Haus auf. Ich beherzigte die Tadel meiner Gro\u00dfmutter Menicheto, die Blicke des Gro\u00dfvaters Coustanin und die Ratschl\u00e4ge Onkel Alfredos. Wenige einfache, wahre Dinge.<\/p>\n<p>Ich wuchs gl\u00fccklich und stolz zwischen M\u00e4nnern und Frauen auf, die mich an der Hand hielten und liebten und mir beibrachten, meine Arbeit zu lieben. Und hier zog ich meinen Sohn Gianluca gro\u00df.<\/p>\n<p>&nbsp;<\/p>\n<p>Dies ist unsere Geschichte. Wir erwarten euch voller Stolz im La Pace.<\/p>\n<p>&nbsp;<\/p>\n<p>Cinzia<\/p>","protected":false},"excerpt":{"rendered":"<p>GL\u00dcCK KOMMT NICHT VON DEN DINGEN, DIE WIR BESITZEN. GL\u00dcCK KOMMT DURCH DIE ARBEIT UND UNSEREN STOLZ AUF DAS, WAS WIR TUN.\u00a0(Gandhi) &nbsp; Ich bin Cinzia vom Hotel La Pace in Pradleves.\u00a0 Dieser Gedanke von Gandhi hat mich immer schon fasziniert. Gl\u00fcck und Stolz. Die Geschichte meines kleinen Hauses ist eine Geschichte von gl\u00fccklichen und&#8230;<\/p>\n","protected":false},"author":1,"featured_media":827,"parent":0,"menu_order":0,"comment_status":"closed","ping_status":"closed","template":"","meta":{"footnotes":""},"class_list":["post-20","page","type-page","status-publish","has-post-thumbnail","hentry"],"aioseo_notices":[],"_links":{"self":[{"href":"https:\/\/www.albergodellapace.it\/de\/wp-json\/wp\/v2\/pages\/20","targetHints":{"allow":["GET"]}}],"collection":[{"href":"https:\/\/www.albergodellapace.it\/de\/wp-json\/wp\/v2\/pages"}],"about":[{"href":"https:\/\/www.albergodellapace.it\/de\/wp-json\/wp\/v2\/types\/page"}],"author":[{"embeddable":true,"href":"https:\/\/www.albergodellapace.it\/de\/wp-json\/wp\/v2\/users\/1"}],"replies":[{"embeddable":true,"href":"https:\/\/www.albergodellapace.it\/de\/wp-json\/wp\/v2\/comments?post=20"}],"version-history":[{"count":22,"href":"https:\/\/www.albergodellapace.it\/de\/wp-json\/wp\/v2\/pages\/20\/revisions"}],"predecessor-version":[{"id":1324,"href":"https:\/\/www.albergodellapace.it\/de\/wp-json\/wp\/v2\/pages\/20\/revisions\/1324"}],"wp:featuredmedia":[{"embeddable":true,"href":"https:\/\/www.albergodellapace.it\/de\/wp-json\/wp\/v2\/media\/827"}],"wp:attachment":[{"href":"https:\/\/www.albergodellapace.it\/de\/wp-json\/wp\/v2\/media?parent=20"}],"curies":[{"name":"wp","href":"https:\/\/api.w.org\/{rel}","templated":true}]}}