{"id":12,"date":"2017-03-28T14:31:10","date_gmt":"2017-03-28T12:31:10","guid":{"rendered":"http:\/\/www.albergodellapace.it\/?page_id=12"},"modified":"2018-04-28T16:50:27","modified_gmt":"2018-04-28T14:50:27","slug":"servizi","status":"publish","type":"page","link":"https:\/\/www.albergodellapace.it\/de\/servizi\/","title":{"rendered":"Serviceleistungen f\u00fcr Radfahrer"},"content":{"rendered":"<p><span style=\"font-size: 14pt; color: #745e41;\"><strong><span style=\"color: #745e41;\">SERVICELEISTUNGEN<\/span><\/strong><\/span><span style=\"font-size: 14pt; color: #745e41;\"><strong><span style=\"color: #745e41;\">\u00a0\u00a0<\/span>F\u00dcR RADFAHRER<\/strong><\/span><\/p>\n<table>\n<tbody>\n<tr style=\"height: 35px;\">\n<td style=\"width: 431px; height: 35px;\">\u00a0Bike-Raum mit gesichertem Eingang<\/td>\n<td style=\"width: 305px; height: 35px;\"><img decoding=\"async\" src=\"https:\/\/www.albergodellapace.it\/wp-content\/uploads\/incluso.png\" \/><\/td>\n<\/tr>\n<tr style=\"height: 38px;\">\n<td style=\"width: 431px; height: 38px;\">\u00a0Wartungsprodukte<\/td>\n<td style=\"width: 305px; height: 38px;\"><img decoding=\"async\" src=\"https:\/\/www.albergodellapace.it\/wp-content\/uploads\/incluso.png\" \/><\/td>\n<\/tr>\n<tr style=\"height: 38px;\">\n<td style=\"width: 431px; height: 38px;\">\u00a0Karten- und Informationsecke<\/td>\n<td style=\"width: 305px; height: 38px;\"><img decoding=\"async\" src=\"https:\/\/www.albergodellapace.it\/wp-content\/uploads\/incluso.png\" \/><\/td>\n<\/tr>\n<tr style=\"height: 35px;\">\n<td style=\"width: 431px; height: 35px;\">\u00a0T\u00e4glicher W\u00e4scheservice<\/td>\n<td style=\"width: 305px; height: 35px;\"><img decoding=\"async\" src=\"https:\/\/www.albergodellapace.it\/wp-content\/uploads\/incluso.png\" \/><\/td>\n<\/tr>\n<tr style=\"height: 39px;\">\n<td style=\"width: 431px; height: 39px;\">\u00a0Fahrradf\u00fchrer (max. 5 G\u00e4ste, min. 1 Gast)<\/td>\n<td style=\"width: 305px; height: 39px;\">\u00a0Extrakosten<\/td>\n<\/tr>\n<tr style=\"height: 39px;\">\n<td style=\"width: 431px; height: 39px;\">\u00a0GPS-Karten<\/td>\n<td style=\"width: 305px; height: 39px;\"><img decoding=\"async\" src=\"https:\/\/www.albergodellapace.it\/wp-content\/uploads\/incluso.png\" \/><\/td>\n<\/tr>\n<tr style=\"height: 39px;\">\n<td style=\"width: 431px; height: 39px;\">\u00a0Transfer zu den Startpunkten<\/td>\n<td style=\"width: 305px; height: 39px;\">\u00a0Extrakosten<\/td>\n<\/tr>\n<tr style=\"height: 38px;\">\n<td style=\"width: 431px; height: 38px;\">Begleitfahrzeug f\u00fcr Notf\u00e4lle<\/td>\n<td style=\"width: 305px; height: 38px;\">\u00a0Extrakosten<\/td>\n<\/tr>\n<tr style=\"height: 36px;\">\n<td style=\"width: 431px; height: 36px;\">Mahlzeiten mit lokalen Produkten<\/td>\n<td style=\"width: 305px; height: 36px;\">\u00a0Extrakosten<\/td>\n<\/tr>\n<tr style=\"height: 38px;\">\n<td style=\"width: 431px; height: 38px;\">Verkostungen w\u00e4hrend der Radtouren<\/td>\n<td style=\"width: 305px; height: 38px;\">\u00a0Extrakosten<\/td>\n<\/tr>\n<tr style=\"height: 40px;\">\n<td style=\"width: 431px; height: 40px;\">Registrierhilfe bei \u00f6rtlichen Fahrrad-Events<\/td>\n<td style=\"width: 305px; height: 40px;\">\u00a0Extrakosten<\/td>\n<\/tr>\n<tr style=\"height: 39px;\">\n<td style=\"width: 431px; height: 39px;\">GPS-Ger\u00e4te-Verleih<\/td>\n<td style=\"width: 305px; height: 39px;\">\u00a0Extrakosten<\/td>\n<\/tr>\n<tr style=\"height: 36px;\">\n<td style=\"width: 431px; height: 36px;\">Helm-Verleih<\/td>\n<td style=\"width: 305px; height: 36px;\">\u00a0Extrakosten<\/td>\n<\/tr>\n<tr style=\"height: 36px;\">\n<td style=\"width: 431px; height: 36px;\">E-Bike-Verleih<\/td>\n<td style=\"width: 305px; height: 36px;\">\u00a0Extrakosten<\/td>\n<\/tr>\n<tr style=\"height: 36px;\">\n<td style=\"width: 431px; height: 36px;\">MTB-Verleih<\/td>\n<td style=\"width: 305px; height: 36px;\">\u00a0Extrakosten<\/td>\n<\/tr>\n<tr style=\"height: 35px;\">\n<td style=\"width: 431px; height: 35px;\">\u00a0Fahrradschl\u00e4uche<\/td>\n<td style=\"width: 305px; height: 35px;\">\u00a0Extrakosten<\/td>\n<\/tr>\n<tr style=\"height: 37px;\">\n<td style=\"width: 431px; height: 37px;\">\u00a0Stra\u00dfenrad- und MTB-M\u00e4ntel<\/td>\n<td style=\"width: 305px; height: 37px;\">\u00a0Extrakosten<\/td>\n<\/tr>\n<tr style=\"height: 42px;\">\n<td style=\"width: 431px; height: 42px;\">\u00a0Zertifizierte Fahrradschl\u00f6sser auf Wunsch an der Rezeption<\/td>\n<td style=\"width: 305px; height: 42px;\"><img decoding=\"async\" src=\"https:\/\/www.albergodellapace.it\/wp-content\/uploads\/incluso.png\" \/><\/td>\n<\/tr>\n<tr style=\"height: 36px;\">\n<td style=\"width: 431px; height: 36px;\">\u00a0Steckdosen f\u00fcr E-Bike-Ladeger\u00e4te<\/td>\n<td style=\"width: 305px; height: 36px;\"><img decoding=\"async\" src=\"https:\/\/www.albergodellapace.it\/wp-content\/uploads\/incluso.png\" \/><\/td>\n<\/tr>\n<\/tbody>\n<\/table>\n<p><span style=\"font-size: 14pt;\"><strong><span style=\"color: #745e41;\">BIKE RAUM<\/span><\/strong><\/span><\/p>\n<p>Unser Bike-Raum ist mit den folgenden Ger\u00e4ten f\u00fcr die normale Wartung eurer R\u00e4der ausgestattet:<\/p>\n<p>\u2013 Werkbank mit Zubeh\u00f6r<\/p>\n<p>\u2013 Luftpumpe<\/p>\n<p>\u2013 Fahrradst\u00e4nder<\/p>\n<p>\u2013 abschlie\u00dfbarer Schrank f\u00fcr Helme und Schuhe<\/p>\n<p>Au\u00dferdem steht auf dem Gel\u00e4nde eine Waschstation mit Schw\u00e4mmen und Reinigungsmitteln zur Verf\u00fcgung.<\/p>","protected":false},"excerpt":{"rendered":"<p>SERVICELEISTUNGEN\u00a0\u00a0F\u00dcR RADFAHRER \u00a0Bike-Raum mit gesichertem Eingang \u00a0Wartungsprodukte \u00a0Karten- und Informationsecke \u00a0T\u00e4glicher W\u00e4scheservice \u00a0Fahrradf\u00fchrer (max. 5 G\u00e4ste, min. 1 Gast) \u00a0Extrakosten \u00a0GPS-Karten \u00a0Transfer zu den Startpunkten \u00a0Extrakosten Begleitfahrzeug f\u00fcr Notf\u00e4lle \u00a0Extrakosten Mahlzeiten mit lokalen Produkten \u00a0Extrakosten Verkostungen w\u00e4hrend der Radtouren \u00a0Extrakosten Registrierhilfe bei \u00f6rtlichen Fahrrad-Events \u00a0Extrakosten GPS-Ger\u00e4te-Verleih \u00a0Extrakosten Helm-Verleih \u00a0Extrakosten E-Bike-Verleih \u00a0Extrakosten MTB-Verleih \u00a0Extrakosten \u00a0Fahrradschl\u00e4uche \u00a0Extrakosten&#8230;<\/p>\n","protected":false},"author":1,"featured_media":707,"parent":0,"menu_order":0,"comment_status":"closed","ping_status":"closed","template":"","meta":{"footnotes":""},"class_list":["post-12","page","type-page","status-publish","has-post-thumbnail","hentry"],"aioseo_notices":[],"_links":{"self":[{"href":"https:\/\/www.albergodellapace.it\/de\/wp-json\/wp\/v2\/pages\/12","targetHints":{"allow":["GET"]}}],"collection":[{"href":"https:\/\/www.albergodellapace.it\/de\/wp-json\/wp\/v2\/pages"}],"about":[{"href":"https:\/\/www.albergodellapace.it\/de\/wp-json\/wp\/v2\/types\/page"}],"author":[{"embeddable":true,"href":"https:\/\/www.albergodellapace.it\/de\/wp-json\/wp\/v2\/users\/1"}],"replies":[{"embeddable":true,"href":"https:\/\/www.albergodellapace.it\/de\/wp-json\/wp\/v2\/comments?post=12"}],"version-history":[{"count":19,"href":"https:\/\/www.albergodellapace.it\/de\/wp-json\/wp\/v2\/pages\/12\/revisions"}],"predecessor-version":[{"id":1337,"href":"https:\/\/www.albergodellapace.it\/de\/wp-json\/wp\/v2\/pages\/12\/revisions\/1337"}],"wp:featuredmedia":[{"embeddable":true,"href":"https:\/\/www.albergodellapace.it\/de\/wp-json\/wp\/v2\/media\/707"}],"wp:attachment":[{"href":"https:\/\/www.albergodellapace.it\/de\/wp-json\/wp\/v2\/media?parent=12"}],"curies":[{"name":"wp","href":"https:\/\/api.w.org\/{rel}","templated":true}]}}